{"id":1608,"date":"2023-11-07T17:09:58","date_gmt":"2023-11-07T16:09:58","guid":{"rendered":"https:\/\/glaswelt.lu\/reparation-de-depannage\/"},"modified":"2023-12-19T17:51:38","modified_gmt":"2023-12-19T16:51:38","slug":"reparation-et-depannage","status":"publish","type":"page","link":"https:\/\/glaswelt.lu\/fr\/reparation-et-depannage\/","title":{"rendered":"R\u00e9paration et d\u00e9pannage"},"content":{"rendered":"<p>[et_pb_section fb_built=\u00a0\u00bb1&Prime; custom_padding_last_edited=\u00a0\u00bbon|phone\u00a0\u00bb _builder_version=\u00a0\u00bb4.23&Prime; _dynamic_attributes=\u00a0\u00bbbackground_image\u00a0\u00bb _module_preset=\u00a0\u00bbdefault\u00a0\u00bb use_background_color_gradient=\u00a0\u00bbon\u00a0\u00bb background_color_gradient_stops=\u00a0\u00bb#1d4547 0%|rgba(29,69,71,0) 50%\u00a0\u00bb background_color_gradient_overlays_image=\u00a0\u00bbon\u00a0\u00bb background_image=\u00a0\u00bb@ET-DC@eyJkeW5hbWljIjp0cnVlLCJjb250ZW50IjoicG9zdF9mZWF0dXJlZF9pbWFnZSIsInNldHRpbmdzIjp7fX0=@\u00a0\u00bb parallax=\u00a0\u00bbon\u00a0\u00bb parallax_method=\u00a0\u00bboff\u00a0\u00bb background_blend=\u00a0\u00bbcolor\u00a0\u00bb custom_margin=\u00a0\u00bb-100px||0px||false|false\u00a0\u00bb custom_margin_tablet=\u00a0\u00bb0px||0px||false|false\u00a0\u00bb custom_margin_phone=\u00a0\u00bb0px||0px||false|false\u00a0\u00bb custom_margin_last_edited=\u00a0\u00bbon|desktop\u00a0\u00bb custom_padding=\u00a0\u00bb29vh||29vh||true|false\u00a0\u00bb custom_padding_tablet=\u00a0\u00bb10px||10px||false|false\u00a0\u00bb custom_padding_phone=\u00a0\u00bb10px||10px||false|false\u00a0\u00bb animation_style=\u00a0\u00bbfade\u00a0\u00bb background_color_tablet=\u00a0\u00bb#1D4547&Prime; background_color_phone=\u00a0\u00bb#1D4547&Prime; background_last_edited=\u00a0\u00bbon|phone\u00a0\u00bb background_enable_color_tablet=\u00a0\u00bbon\u00a0\u00bb background_enable_color_phone=\u00a0\u00bbon\u00a0\u00bb use_background_color_gradient_tablet=\u00a0\u00bboff\u00a0\u00bb background_enable_image_tablet=\u00a0\u00bboff\u00a0\u00bb animation_duration_tablet=\u00a0\u00bb0ms\u00a0\u00bb animation_duration_phone=\u00a0\u00bb0ms\u00a0\u00bb animation_duration_last_edited=\u00a0\u00bbon|tablet\u00a0\u00bb animation_speed_curve_tablet=\u00a0\u00bblinear\u00a0\u00bb animation_speed_curve_phone=\u00a0\u00bblinear\u00a0\u00bb animation_speed_curve_last_edited=\u00a0\u00bbon|tablet\u00a0\u00bb global_colors_info=\u00a0\u00bb{}\u00a0\u00bb][et_pb_row column_structure=\u00a0\u00bb3_5,2_5&Prime; use_custom_gutter=\u00a0\u00bbon\u00a0\u00bb gutter_width=\u00a0\u00bb1&Prime; make_equal=\u00a0\u00bbon\u00a0\u00bb module_class=\u00a0\u00bbconstruction-20-inlbtnsc\u00a0\u00bb _builder_version=\u00a0\u00bb4.23&Prime; _dynamic_attributes=\u00a0\u00bbbackground_image_tablet\u00a0\u00bb _module_preset=\u00a0\u00bbdefault\u00a0\u00bb width=\u00a0\u00bb90%\u00a0\u00bb width_tablet=\u00a0\u00bb98%\u00a0\u00bb width_phone=\u00a0\u00bb96%\u00a0\u00bb width_last_edited=\u00a0\u00bbon|desktop\u00a0\u00bb max_width=\u00a0\u00bb1270px\u00a0\u00bb custom_margin=\u00a0\u00bb0px||0px||false|false\u00a0\u00bb custom_padding=\u00a0\u00bb0px||0px||false|false\u00a0\u00bb animation_direction=\u00a0\u00bbleft\u00a0\u00bb background_last_edited=\u00a0\u00bbon|phone\u00a0\u00bb background_image_tablet=\u00a0\u00bb@ET-DC@eyJkeW5hbWljIjp0cnVlLCJjb250ZW50IjoicG9zdF9mZWF0dXJlZF9pbWFnZSIsInNldHRpbmdzIjp7fX0=@\u00a0\u00bb background_enable_image_tablet=\u00a0\u00bbon\u00a0\u00bb box_shadow_style=\u00a0\u00bbpreset4&Prime; box_shadow_color=\u00a0\u00bbRGBA(255,255,255,0)\u00a0\u00bb box_shadow_color_tablet=\u00a0\u00bbrgba(29,69,71,0.2)\u00a0\u00bb box_shadow_color_phone=\u00a0\u00bbrgba(29,69,71,0.2)\u00a0\u00bb box_shadow_color_last_edited=\u00a0\u00bbon|desktop\u00a0\u00bb global_colors_info=\u00a0\u00bb{}\u00a0\u00bb][et_pb_column type=\u00a0\u00bb3_5&Prime; _builder_version=\u00a0\u00bb4.22.1&Prime; _module_preset=\u00a0\u00bbdefault\u00a0\u00bb global_colors_info=\u00a0\u00bb{}\u00a0\u00bb][et_pb_image src=\u00a0\u00bb@ET-DC@eyJkeW5hbWljIjp0cnVlLCJjb250ZW50IjoicG9zdF9mZWF0dXJlZF9pbWFnZSIsInNldHRpbmdzIjp7fX0=@\u00a0\u00bb title_text=\u00a0\u00bbIMAG1288-BURST002-COVER_1546525490&Prime; disabled_on=\u00a0\u00bboff|off|on\u00a0\u00bb _builder_version=\u00a0\u00bb4.23&Prime; _dynamic_attributes=\u00a0\u00bbsrc\u00a0\u00bb _module_preset=\u00a0\u00bbdefault\u00a0\u00bb global_colors_info=\u00a0\u00bb{}\u00a0\u00bb][\/et_pb_image][\/et_pb_column][et_pb_column type=\u00a0\u00bb2_5&Prime; _builder_version=\u00a0\u00bb4.23&Prime; _module_preset=\u00a0\u00bbdefault\u00a0\u00bb background_enable_color=\u00a0\u00bboff\u00a0\u00bb background_enable_image=\u00a0\u00bboff\u00a0\u00bb custom_padding=\u00a0\u00bb30px|30px|30px|30px|true|true\u00a0\u00bb custom_css_main_element=\u00a0\u00bbbackdrop-filter: blur(25px);||-webkit-backdrop-filter: blur(25px);\u00a0\u00bb border_width_top=\u00a0\u00bb1px\u00a0\u00bb border_color_top=\u00a0\u00bb#4BDBEA\u00a0\u00bb border_width_right=\u00a0\u00bb1px\u00a0\u00bb border_color_right=\u00a0\u00bb#1D4547&Prime; border_width_bottom=\u00a0\u00bb1px\u00a0\u00bb border_color_bottom=\u00a0\u00bb#1D4547&Prime; border_width_left=\u00a0\u00bb1px\u00a0\u00bb border_color_left=\u00a0\u00bb#4BDBEA\u00a0\u00bb box_shadow_style=\u00a0\u00bbpreset4&Prime; box_shadow_color=\u00a0\u00bbrgba(29,69,71,0.2)\u00a0\u00bb box_shadow_color_tablet=\u00a0\u00bbRGBA(255,255,255,0)\u00a0\u00bb box_shadow_color_phone=\u00a0\u00bbRGBA(255,255,255,0)\u00a0\u00bb box_shadow_color_last_edited=\u00a0\u00bbon|desktop\u00a0\u00bb global_colors_info=\u00a0\u00bb{}\u00a0\u00bb][et_pb_blurb title=\u00a0\u00bbVotre monde du verre pour\u00a0\u00bb use_icon=\u00a0\u00bbon\u00a0\u00bb font_icon=\u00a0\u00bb&#xf111;||fa||900&Prime; icon_color=\u00a0\u00bb#4BDBEA\u00a0\u00bb icon_placement=\u00a0\u00bbleft\u00a0\u00bb image_icon_width=\u00a0\u00bb10px\u00a0\u00bb _builder_version=\u00a0\u00bb4.23&Prime; _module_preset=\u00a0\u00bbdefault\u00a0\u00bb header_font=\u00a0\u00bbManrope|500||on|||||\u00a0\u00bb header_text_align=\u00a0\u00bbleft\u00a0\u00bb header_text_color=\u00a0\u00bb#FFFFFF\u00a0\u00bb header_font_size=\u00a0\u00bb14px\u00a0\u00bb header_letter_spacing=\u00a0\u00bb1px\u00a0\u00bb header_line_height=\u00a0\u00bb1.2em\u00a0\u00bb image_icon_custom_margin=\u00a0\u00bb3px||0px||false|false\u00a0\u00bb image_icon_custom_padding=\u00a0\u00bb0px||0px||false|false\u00a0\u00bb custom_margin=\u00a0\u00bb0px||11px||false|false\u00a0\u00bb custom_margin_tablet=\u00a0\u00bb0px||11px||false|false\u00a0\u00bb custom_margin_phone=\u00a0\u00bb0px||5px||false|false\u00a0\u00bb custom_margin_last_edited=\u00a0\u00bbon|phone\u00a0\u00bb custom_padding=\u00a0\u00bb0px||0px||false|false\u00a0\u00bb animation=\u00a0\u00bboff\u00a0\u00bb custom_css_blurb_title=\u00a0\u00bbmargin-left:-25px;\u00a0\u00bb custom_css_blurb_content=\u00a0\u00bbmargin:0px;\u00a0\u00bb header_text_shadow_style=\u00a0\u00bbpreset3&Prime; global_colors_info=\u00a0\u00bb{}\u00a0\u00bb][\/et_pb_blurb][et_pb_text _builder_version=\u00a0\u00bb4.23&Prime; _module_preset=\u00a0\u00bbdefault\u00a0\u00bb header_font=\u00a0\u00bbManrope|800||on|||||\u00a0\u00bb header_text_align=\u00a0\u00bbleft\u00a0\u00bb header_text_color=\u00a0\u00bb#232323&Prime; header_font_size=\u00a0\u00bb4vh\u00a0\u00bb header_letter_spacing=\u00a0\u00bb-3px\u00a0\u00bb header_line_height=\u00a0\u00bb1.3em\u00a0\u00bb max_width=\u00a0\u00bb830px\u00a0\u00bb custom_margin=\u00a0\u00bb0px||10px||false|false\u00a0\u00bb custom_margin_tablet=\u00a0\u00bb0px||10px||false|false\u00a0\u00bb custom_margin_phone=\u00a0\u00bb0px||5px||false|false\u00a0\u00bb custom_margin_last_edited=\u00a0\u00bbon|phone\u00a0\u00bb custom_padding=\u00a0\u00bb0px||0px||false|false\u00a0\u00bb header_font_size_tablet=\u00a0\u00bb4vh\u00a0\u00bb header_font_size_phone=\u00a0\u00bb2rem\u00a0\u00bb header_font_size_last_edited=\u00a0\u00bbon|phone\u00a0\u00bb global_colors_info=\u00a0\u00bb{}\u00a0\u00bb]<\/p>\n<h1><span class=\"wpb-highlight\">R\u00e9paration et d\u00e9pannage<\/span><\/h1>\n<p>[\/et_pb_text][et_pb_text _builder_version=\u00a0\u00bb4.23.1&Prime; _module_preset=\u00a0\u00bbdefault\u00a0\u00bb text_font=\u00a0\u00bbRoboto Flex||||||||\u00a0\u00bb text_text_color=\u00a0\u00bb#FFFFFF\u00a0\u00bb text_font_size=\u00a0\u00bb20px\u00a0\u00bb text_line_height=\u00a0\u00bb1.5em\u00a0\u00bb max_width=\u00a0\u00bb530px\u00a0\u00bb custom_margin=\u00a0\u00bb0px||30px||false|false\u00a0\u00bb custom_margin_tablet=\u00a0\u00bb0px||30px||false|false\u00a0\u00bb custom_margin_phone=\u00a0\u00bb0px||25px||false|false\u00a0\u00bb custom_margin_last_edited=\u00a0\u00bbon|phone\u00a0\u00bb custom_padding=\u00a0\u00bb0px||0px||false|false\u00a0\u00bb text_font_size_tablet=\u00a0\u00bb20px\u00a0\u00bb text_font_size_phone=\u00a0\u00bb18px\u00a0\u00bb text_font_size_last_edited=\u00a0\u00bbon|phone\u00a0\u00bb text_text_shadow_style=\u00a0\u00bbpreset3&Prime; global_colors_info=\u00a0\u00bb{}\u00a0\u00bb]<\/p>\n<p>Des dommages caus\u00e9s par une effraction \u00e0 la nouvelle installation professionnelle &#8211; nous nous occupons de toutes les r\u00e9parations de verre avec comp\u00e9tence et diligence<\/p>\n<p>[\/et_pb_text][et_pb_button button_url=\u00a0\u00bb\/fr\/contact\/\u00a0\u00bb button_text=\u00a0\u00bbContact\u00a0\u00bb button_alignment=\u00a0\u00bbleft\u00a0\u00bb _builder_version=\u00a0\u00bb4.23.1&Prime; _module_preset=\u00a0\u00bbdefault\u00a0\u00bb custom_button=\u00a0\u00bbon\u00a0\u00bb button_text_size=\u00a0\u00bb14px\u00a0\u00bb button_text_color=\u00a0\u00bb#FFFFFF\u00a0\u00bb button_bg_color=\u00a0\u00bb#009AA2&Prime; button_border_width=\u00a0\u00bb0px\u00a0\u00bb button_border_radius=\u00a0\u00bb0px\u00a0\u00bb button_font=\u00a0\u00bbManrope|800||on|||||\u00a0\u00bb button_use_icon=\u00a0\u00bboff\u00a0\u00bb custom_margin=\u00a0\u00bb0px|37px|0px|0px|false|false\u00a0\u00bb custom_margin_tablet=\u00a0\u00bb0px|37px|0px|0px|false|false\u00a0\u00bb custom_margin_phone=\u00a0\u00bb0px|20px|20px|0px|false|false\u00a0\u00bb custom_margin_last_edited=\u00a0\u00bbon|phone\u00a0\u00bb custom_padding=\u00a0\u00bb19px|30px|19px|30px|false|false\u00a0\u00bb hover_enabled=\u00a0\u00bb0&Prime; button_text_size_tablet=\u00a0\u00bb14px\u00a0\u00bb button_text_size_phone=\u00a0\u00bb12px\u00a0\u00bb button_text_size_last_edited=\u00a0\u00bbon|phone\u00a0\u00bb global_colors_info=\u00a0\u00bb{}\u00a0\u00bb button_bg_color__hover_enabled=\u00a0\u00bbon|desktop\u00a0\u00bb button_bg_color__hover=\u00a0\u00bb#4BDBEA\u00a0\u00bb button_bg_enable_color__hover=\u00a0\u00bbon\u00a0\u00bb button_text_color__hover_enabled=\u00a0\u00bbon|desktop\u00a0\u00bb button_text_color__hover=\u00a0\u00bb#FFFFFF\u00a0\u00bb button_letter_spacing__hover_enabled=\u00a0\u00bbon|hover\u00a0\u00bb button_letter_spacing__hover=\u00a0\u00bb0px\u00a0\u00bb sticky_enabled=\u00a0\u00bb0&Prime;][\/et_pb_button][\/et_pb_column][\/et_pb_row][\/et_pb_section][et_pb_section fb_built=\u00a0\u00bb1&Prime; custom_padding_last_edited=\u00a0\u00bbon|phone\u00a0\u00bb _builder_version=\u00a0\u00bb4.23.1&Prime; _module_preset=\u00a0\u00bbdefault\u00a0\u00bb background_color=\u00a0\u00bb#FFFFFF\u00a0\u00bb custom_margin=\u00a0\u00bb0px||0px||false|false\u00a0\u00bb custom_padding=\u00a0\u00bb0px||5%||false|false\u00a0\u00bb custom_padding_tablet=\u00a0\u00bb30px||0px||false|false\u00a0\u00bb custom_padding_phone=\u00a0\u00bb30px||0px||false|false\u00a0\u00bb background_color_tablet=\u00a0\u00bb#FFFFFF\u00a0\u00bb background_last_edited=\u00a0\u00bbon|tablet\u00a0\u00bb background_enable_color_tablet=\u00a0\u00bbon\u00a0\u00bb use_background_color_gradient_tablet=\u00a0\u00bbon\u00a0\u00bb background_color_gradient_direction_tablet=\u00a0\u00bb345deg\u00a0\u00bb background_color_gradient_stops_tablet=\u00a0\u00bb#ffffff 50%|#1d4547 50%\u00a0\u00bb background_enable_mask_style_tablet=\u00a0\u00bboff\u00a0\u00bb background_mask_color_tablet=\u00a0\u00bb#1D4547&Prime; background_mask_transform_tablet=\u00a0\u00bbrotate_90_degree|invert\u00a0\u00bb global_colors_info=\u00a0\u00bb{}\u00a0\u00bb][et_pb_row use_custom_gutter=\u00a0\u00bbon\u00a0\u00bb make_equal=\u00a0\u00bbon\u00a0\u00bb _builder_version=\u00a0\u00bb4.23&Prime; _module_preset=\u00a0\u00bbdefault\u00a0\u00bb width=\u00a0\u00bb90%\u00a0\u00bb max_width=\u00a0\u00bb1290px\u00a0\u00bb custom_margin=\u00a0\u00bb0px||0px||false|false\u00a0\u00bb custom_padding=\u00a0\u00bb0px||0px||false|false\u00a0\u00bb animation_style=\u00a0\u00bbslide\u00a0\u00bb animation_direction=\u00a0\u00bbbottom\u00a0\u00bb animation_duration=\u00a0\u00bb650ms\u00a0\u00bb animation_delay=\u00a0\u00bb500ms\u00a0\u00bb animation_speed_curve=\u00a0\u00bbease\u00a0\u00bb global_colors_info=\u00a0\u00bb{}\u00a0\u00bb][et_pb_column type=\u00a0\u00bb4_4&Prime; _builder_version=\u00a0\u00bb4.23&Prime; _module_preset=\u00a0\u00bbdefault\u00a0\u00bb global_colors_info=\u00a0\u00bb{}\u00a0\u00bb][et_pb_blurb title=\u00a0\u00bbR\u00e9parations et assistance en cas de panne\u00a0\u00bb _builder_version=\u00a0\u00bb4.23&Prime; _module_preset=\u00a0\u00bb9c1ef7e8-4fab-4a70-be2b-9bc64627d5bf\u00a0\u00bb background_color=\u00a0\u00bb#FFFFFF\u00a0\u00bb custom_margin=\u00a0\u00bb-140px||0px||false|false\u00a0\u00bb custom_margin_tablet=\u00a0\u00bb0px||||false|false\u00a0\u00bb custom_margin_phone=\u00a0\u00bb0px||||false|false\u00a0\u00bb custom_margin_last_edited=\u00a0\u00bbon|phone\u00a0\u00bb border_radii=\u00a0\u00bbon|0px|0px|0px|0px\u00a0\u00bb border_color_all=\u00a0\u00bb#009AA2&Prime; border_color_bottom=\u00a0\u00bb#009AA2&Prime; border_width_all_tablet=\u00a0\u00bb0px\u00a0\u00bb border_width_all_phone=\u00a0\u00bb0px\u00a0\u00bb border_width_all_last_edited=\u00a0\u00bbon|phone\u00a0\u00bb border_width_bottom_tablet=\u00a0\u00bb1px\u00a0\u00bb border_width_bottom_phone=\u00a0\u00bb1px\u00a0\u00bb border_width_bottom_last_edited=\u00a0\u00bbon|phone\u00a0\u00bb box_shadow_style=\u00a0\u00bbnone\u00a0\u00bb box_shadow_color_last_edited=\u00a0\u00bboff|desktop\u00a0\u00bb global_colors_info=\u00a0\u00bb{}\u00a0\u00bb background__hover_enabled=\u00a0\u00bbon|desktop\u00a0\u00bb box_shadow_color__hover_enabled=\u00a0\u00bboff|desktop\u00a0\u00bb]<\/p>\n<p><strong>R\u00e9parations de verre de toutes sortes<\/strong><\/p>\n<p>En plus de la planification, de la fabrication et de l&rsquo;installation de tous les produits en verre, notre r\u00e9pertoire professionnel comprend \u00e9galement la r\u00e9paration. D\u00e8s qu&rsquo;une r\u00e9paration \/ remplacement est n\u00e9cessaire chez vous, nous sommes l\u00e0 pour vous. <\/p>\n<p>Que ce soit apr\u00e8s une effraction, pour des dommages mineurs ou majeurs sur votre produit en verre &#8211; nous sommes heureux d&rsquo;envoyer un employ\u00e9 chez vous pour prendre des mesures. Gr\u00e2ce \u00e0 notre propre fabrication, nous pouvons r\u00e9agir de mani\u00e8re flexible \u00e0 vos exigences et effectuer une nouvelle installation professionnelle, afin que vous puissiez rapidement retrouver le plaisir de votre produit en verre. <\/p>\n<p>Contactez-nous ! Nous sommes l\u00e0 pour vous aider. <\/p>\n<p>[\/et_pb_blurb][\/et_pb_column][\/et_pb_row][\/et_pb_section]<\/p>\n","protected":false},"excerpt":{"rendered":"<p>R\u00e9paration et d\u00e9pannageDes dommages caus\u00e9s par une effraction \u00e0 la nouvelle installation professionnelle &#8211; nous nous occupons de toutes les r\u00e9parations de verre avec comp\u00e9tence et diligenceR\u00e9parations de verre de toutes sortes En plus de la planification, de la fabrication et de l&rsquo;installation de tous les produits en verre, notre r\u00e9pertoire professionnel comprend \u00e9galement la [&hellip;]<\/p>\n","protected":false},"author":2,"featured_media":1200,"parent":0,"menu_order":0,"comment_status":"closed","ping_status":"closed","template":"","meta":{"_et_pb_use_builder":"on","_et_pb_old_content":"","_et_gb_content_width":"","footnotes":""},"class_list":["post-1608","page","type-page","status-publish","has-post-thumbnail","hentry"],"_links":{"self":[{"href":"https:\/\/glaswelt.lu\/fr\/wp-json\/wp\/v2\/pages\/1608","targetHints":{"allow":["GET"]}}],"collection":[{"href":"https:\/\/glaswelt.lu\/fr\/wp-json\/wp\/v2\/pages"}],"about":[{"href":"https:\/\/glaswelt.lu\/fr\/wp-json\/wp\/v2\/types\/page"}],"author":[{"embeddable":true,"href":"https:\/\/glaswelt.lu\/fr\/wp-json\/wp\/v2\/users\/2"}],"replies":[{"embeddable":true,"href":"https:\/\/glaswelt.lu\/fr\/wp-json\/wp\/v2\/comments?post=1608"}],"version-history":[{"count":0,"href":"https:\/\/glaswelt.lu\/fr\/wp-json\/wp\/v2\/pages\/1608\/revisions"}],"wp:featuredmedia":[{"embeddable":true,"href":"https:\/\/glaswelt.lu\/fr\/wp-json\/wp\/v2\/media\/1200"}],"wp:attachment":[{"href":"https:\/\/glaswelt.lu\/fr\/wp-json\/wp\/v2\/media?parent=1608"}],"curies":[{"name":"wp","href":"https:\/\/api.w.org\/{rel}","templated":true}]}}