{"id":1620,"date":"2023-11-14T16:04:11","date_gmt":"2023-11-14T15:04:11","guid":{"rendered":"https:\/\/glaswelt.lu\/merci\/"},"modified":"2023-12-18T12:54:32","modified_gmt":"2023-12-18T11:54:32","slug":"merci","status":"publish","type":"page","link":"https:\/\/glaswelt.lu\/fr\/merci\/","title":{"rendered":"Merci"},"content":{"rendered":"<p>[et_pb_section fb_built=\u00a0\u00bb1&Prime; custom_padding_last_edited=\u00a0\u00bbon|tablet\u00a0\u00bb _builder_version=\u00a0\u00bb4.23&Prime; _module_preset=\u00a0\u00bbdefault\u00a0\u00bb parallax=\u00a0\u00bbon\u00a0\u00bb parallax_method=\u00a0\u00bboff\u00a0\u00bb background_blend=\u00a0\u00bbcolor\u00a0\u00bb custom_margin=\u00a0\u00bb-100px||0px||false|false\u00a0\u00bb custom_padding=\u00a0\u00bb29vh||29vh||true|false\u00a0\u00bb custom_padding_tablet=\u00a0\u00bb180px||200px||false|false\u00a0\u00bb custom_padding_phone=\u00a0\u00bb110px||90px||false|false\u00a0\u00bb animation_style=\u00a0\u00bbfade\u00a0\u00bb hover_enabled=\u00a0\u00bb0&Prime; global_colors_info=\u00a0\u00bb{}\u00a0\u00bb background_enable_image=\u00a0\u00bboff\u00a0\u00bb background_color=\u00a0\u00bbRGBA(255,255,255,0)\u00a0\u00bb sticky_enabled=\u00a0\u00bb0&Prime;][et_pb_row column_structure=\u00a0\u00bb3_5,2_5&Prime; module_class=\u00a0\u00bbconstruction-20-inlbtnsc\u00a0\u00bb _builder_version=\u00a0\u00bb4.23&Prime; _module_preset=\u00a0\u00bbdefault\u00a0\u00bb width=\u00a0\u00bb90%\u00a0\u00bb max_width=\u00a0\u00bb1270px\u00a0\u00bb custom_margin=\u00a0\u00bb0px||0px||false|false\u00a0\u00bb custom_padding=\u00a0\u00bb0px||0px||false|false\u00a0\u00bb animation_direction=\u00a0\u00bbleft\u00a0\u00bb global_colors_info=\u00a0\u00bb{}\u00a0\u00bb][et_pb_column type=\u00a0\u00bb3_5&Prime; _builder_version=\u00a0\u00bb4.23&Prime; _module_preset=\u00a0\u00bbdefault\u00a0\u00bb background_enable_color=\u00a0\u00bboff\u00a0\u00bb custom_padding=\u00a0\u00bb30px|30px|30px|30px|true|true\u00a0\u00bb custom_css_main_element=\u00a0\u00bbbackdrop-filter: blur(15px);||-webkit-backdrop-filter: blur(15px);\u00a0\u00bb border_width_top=\u00a0\u00bb1px\u00a0\u00bb border_color_top=\u00a0\u00bb#1D4547&Prime; border_color_right=\u00a0\u00bb#E3F4F5&Prime; border_color_bottom=\u00a0\u00bb#E3F4F5&Prime; border_width_left=\u00a0\u00bb1px\u00a0\u00bb border_color_left=\u00a0\u00bb#1D4547&Prime; box_shadow_style=\u00a0\u00bbpreset4&Prime; box_shadow_color=\u00a0\u00bbrgba(29,69,71,0.2)\u00a0\u00bb global_colors_info=\u00a0\u00bb{}\u00a0\u00bb][et_pb_blurb title=\u00a0\u00bbLuxemburger Glaswelt\u00a0\u00bb use_icon=\u00a0\u00bbon\u00a0\u00bb font_icon=\u00a0\u00bb&#xf111;||fa||900&Prime; icon_color=\u00a0\u00bb#4BDBEA\u00a0\u00bb icon_placement=\u00a0\u00bbleft\u00a0\u00bb image_icon_width=\u00a0\u00bb10px\u00a0\u00bb _builder_version=\u00a0\u00bb4.22.2&Prime; _module_preset=\u00a0\u00bbdefault\u00a0\u00bb header_font=\u00a0\u00bbManrope|500||on|||||\u00a0\u00bb header_text_align=\u00a0\u00bbleft\u00a0\u00bb header_text_color=\u00a0\u00bb#FFFFFF\u00a0\u00bb header_font_size=\u00a0\u00bb14px\u00a0\u00bb header_letter_spacing=\u00a0\u00bb1px\u00a0\u00bb header_line_height=\u00a0\u00bb1.2em\u00a0\u00bb image_icon_custom_margin=\u00a0\u00bb3px||0px||false|false\u00a0\u00bb image_icon_custom_padding=\u00a0\u00bb0px||0px||false|false\u00a0\u00bb custom_margin=\u00a0\u00bb0px||11px||false|false\u00a0\u00bb custom_margin_tablet=\u00a0\u00bb0px||11px||false|false\u00a0\u00bb custom_margin_phone=\u00a0\u00bb0px||5px||false|false\u00a0\u00bb custom_margin_last_edited=\u00a0\u00bbon|phone\u00a0\u00bb custom_padding=\u00a0\u00bb0px||0px||false|false\u00a0\u00bb animation=\u00a0\u00bboff\u00a0\u00bb custom_css_blurb_title=\u00a0\u00bbmargin-left:-25px;\u00a0\u00bb custom_css_blurb_content=\u00a0\u00bbmargin:0px;\u00a0\u00bb header_text_shadow_style=\u00a0\u00bbpreset3&Prime; global_colors_info=\u00a0\u00bb{}\u00a0\u00bb][\/et_pb_blurb][et_pb_text _builder_version=\u00a0\u00bb4.23&Prime; _module_preset=\u00a0\u00bbdefault\u00a0\u00bb header_font=\u00a0\u00bbManrope|800||on|||||\u00a0\u00bb header_text_align=\u00a0\u00bbleft\u00a0\u00bb header_text_color=\u00a0\u00bb#232323&Prime; header_font_size=\u00a0\u00bb4vh\u00a0\u00bb header_letter_spacing=\u00a0\u00bb-3px\u00a0\u00bb header_line_height=\u00a0\u00bb1.3em\u00a0\u00bb max_width=\u00a0\u00bb830px\u00a0\u00bb custom_margin=\u00a0\u00bb0px||10px||false|false\u00a0\u00bb custom_margin_tablet=\u00a0\u00bb0px||10px||false|false\u00a0\u00bb custom_margin_phone=\u00a0\u00bb0px||5px||false|false\u00a0\u00bb custom_margin_last_edited=\u00a0\u00bbon|phone\u00a0\u00bb custom_padding=\u00a0\u00bb0px||0px||false|false\u00a0\u00bb header_font_size_tablet=\u00a0\u00bb4vh\u00a0\u00bb header_font_size_phone=\u00a0\u00bb2rem\u00a0\u00bb header_font_size_last_edited=\u00a0\u00bbon|phone\u00a0\u00bb global_colors_info=\u00a0\u00bb{}\u00a0\u00bb]<\/p>\n<h1><span class=\"wpb-highlight\">Merci beaucoup<\/span><\/h1>\n<p>[\/et_pb_text][et_pb_text _builder_version=\u00a0\u00bb4.23&Prime; _module_preset=\u00a0\u00bbd70df9fc-c456-4916-a545-fb850b9375f3&Prime; global_colors_info=\u00a0\u00bb{}\u00a0\u00bb]<\/p>\n<p>Votre message a \u00e9t\u00e9 envoy\u00e9 avec succ\u00e8s.<br \/>Nous vous contacterons d\u00e8s que possible.<\/p>\n<p>[\/et_pb_text][et_pb_button button_url=\u00a0\u00bb\/\u00a0\u00bb button_text=\u00a0\u00bbRetourner \u00e0 l&apos;accueil\u00a0\u00bb _builder_version=\u00a0\u00bb4.23&Prime; _module_preset=\u00a0\u00bbc2aecd44-a3f3-448e-9804-e1a74f3ebbbd\u00a0\u00bb global_colors_info=\u00a0\u00bb{}\u00a0\u00bb][\/et_pb_button][\/et_pb_column][et_pb_column type=\u00a0\u00bb2_5&Prime; _builder_version=\u00a0\u00bb4.22.1&Prime; _module_preset=\u00a0\u00bbdefault\u00a0\u00bb global_colors_info=\u00a0\u00bb{}\u00a0\u00bb][\/et_pb_column][\/et_pb_row][\/et_pb_section]<\/p>\n","protected":false},"excerpt":{"rendered":"<p>Merci beaucoupVotre message a \u00e9t\u00e9 envoy\u00e9 avec succ\u00e8s.Nous vous contacterons d\u00e8s que possible.<\/p>\n","protected":false},"author":2,"featured_media":0,"parent":0,"menu_order":0,"comment_status":"closed","ping_status":"closed","template":"page-template-blank.php","meta":{"_et_pb_use_builder":"on","_et_pb_old_content":"","_et_gb_content_width":"","footnotes":""},"class_list":["post-1620","page","type-page","status-publish","hentry"],"_links":{"self":[{"href":"https:\/\/glaswelt.lu\/fr\/wp-json\/wp\/v2\/pages\/1620","targetHints":{"allow":["GET"]}}],"collection":[{"href":"https:\/\/glaswelt.lu\/fr\/wp-json\/wp\/v2\/pages"}],"about":[{"href":"https:\/\/glaswelt.lu\/fr\/wp-json\/wp\/v2\/types\/page"}],"author":[{"embeddable":true,"href":"https:\/\/glaswelt.lu\/fr\/wp-json\/wp\/v2\/users\/2"}],"replies":[{"embeddable":true,"href":"https:\/\/glaswelt.lu\/fr\/wp-json\/wp\/v2\/comments?post=1620"}],"version-history":[{"count":0,"href":"https:\/\/glaswelt.lu\/fr\/wp-json\/wp\/v2\/pages\/1620\/revisions"}],"wp:attachment":[{"href":"https:\/\/glaswelt.lu\/fr\/wp-json\/wp\/v2\/media?parent=1620"}],"curies":[{"name":"wp","href":"https:\/\/api.w.org\/{rel}","templated":true}]}}